{"id":19,"date":"2021-03-05T12:27:05","date_gmt":"2021-03-05T11:27:05","guid":{"rendered":"https:\/\/www.baenzigerzahntechnik.ch\/web\/?page_id=19"},"modified":"2021-07-06T17:29:22","modified_gmt":"2021-07-06T15:29:22","slug":"labor","status":"publish","type":"page","link":"https:\/\/www.baenzigerzahntechnik.ch\/web\/labor\/","title":{"rendered":"Labor"},"content":{"rendered":"<h2>Zentral erreichbar und modern ausger\u00fcstet.<\/h2>\n<h3><\/h3>\n<div style=\"column-count: 2;\">\nUnser Labor steht f\u00fcr manuelle Pr\u00e4zision mit Unterst\u00fctzung modernster Technologie. Bei unserer Arbeit nutzen wir weitgehend Werkstoff aus der Schweiz und dem EU-Raum. Wir arbeiten aussschliesslich mit verl\u00e4sslichen Partner. Nur so k\u00f6nnen wir den von uns angestrebten Qualit\u00e4tsstandard sicherstellen und unsere Kunden mit guten Gewissen bedienen. Als Resultat k\u00f6nnen Sie ein Unikat erwarten, weil unsere Arbeit trotzt digitaler Hilfsmittel eben auch Handwerk ist. Eine hochwertige und individuelle Ausf\u00fchrung und die farbliche und optische \u00dcbereinstimmung stehen bei uns im Vordergrund. Und selbstverst\u00e4ndlich die Zufriendenheit unsere Kunden.\n<\/div>\n<p><HR><br \/>\n<div class=\"rl-gallery-container rl-loading\" id=\"rl-gallery-container-1\" data-gallery_id=\"145\"> <div class=\"rl-gallery rl-basicmasonry-gallery \" id=\"rl-gallery-1\" data-gallery_no=\"1\"> <div class=\"rl-gutter-sizer\"><\/div><div class=\"rl-grid-sizer\"><\/div> <div class=\"rl-gallery-item rl-gallery-item-width-4\" > <div class=\"rl-gallery-item-content\"> <a href=\"https:\/\/www.baenzigerzahntechnik.ch\/web\/wp-content\/uploads\/2021\/06\/DS_2021_Zahntechniker_Baenziger_SW-6404.jpg\" title=\"\" data-rl_title=\"\" class=\"rl-gallery-link\" data-rl_caption=\"\" data-rel=\"lightbox-gallery-1\"><img loading=\"lazy\" decoding=\"async\" src=\"https:\/\/www.baenzigerzahntechnik.ch\/web\/wp-content\/uploads\/2021\/06\/DS_2021_Zahntechniker_Baenziger_SW-6404-300x200.jpg\" width=\"300\" height=\"200\" alt=\"\"\/><\/a> <\/div> <\/div> <div class=\"rl-gallery-item\" > <div class=\"rl-gallery-item-content\"> <a href=\"https:\/\/www.baenzigerzahntechnik.ch\/web\/wp-content\/uploads\/2021\/06\/DS_2021_Zahntechniker_Baenziger_SW-6180.jpg\" title=\"\" data-rl_title=\"\" class=\"rl-gallery-link\" data-rl_caption=\"\" data-rel=\"lightbox-gallery-1\"><img loading=\"lazy\" decoding=\"async\" src=\"https:\/\/www.baenzigerzahntechnik.ch\/web\/wp-content\/uploads\/2021\/06\/DS_2021_Zahntechniker_Baenziger_SW-6180-300x200.jpg\" width=\"300\" height=\"200\" alt=\"\"\/><\/a> <\/div> <\/div> <div class=\"rl-gallery-item\" > <div class=\"rl-gallery-item-content\"> <a href=\"https:\/\/www.baenzigerzahntechnik.ch\/web\/wp-content\/uploads\/2021\/06\/DS_2021_Zahntechniker_Baenziger_SW-5958.jpg\" title=\"\" data-rl_title=\"\" class=\"rl-gallery-link\" data-rl_caption=\"\" data-rel=\"lightbox-gallery-1\"><img loading=\"lazy\" decoding=\"async\" src=\"https:\/\/www.baenzigerzahntechnik.ch\/web\/wp-content\/uploads\/2021\/06\/DS_2021_Zahntechniker_Baenziger_SW-5958-300x200.jpg\" width=\"300\" height=\"200\" alt=\"\"\/><\/a> <\/div> <\/div> <div class=\"rl-gallery-item\" > <div class=\"rl-gallery-item-content\"> <a href=\"https:\/\/www.baenzigerzahntechnik.ch\/web\/wp-content\/uploads\/2021\/06\/DS_2021_Zahntechniker_Baenziger_SW-5726.jpg\" title=\"\" data-rl_title=\"\" class=\"rl-gallery-link\" data-rl_caption=\"\" data-rel=\"lightbox-gallery-1\"><img loading=\"lazy\" decoding=\"async\" src=\"https:\/\/www.baenzigerzahntechnik.ch\/web\/wp-content\/uploads\/2021\/06\/DS_2021_Zahntechniker_Baenziger_SW-5726-300x200.jpg\" width=\"300\" height=\"200\" alt=\"\"\/><\/a> <\/div> <\/div> <div class=\"rl-gallery-item\" > <div class=\"rl-gallery-item-content\"> <a href=\"https:\/\/www.baenzigerzahntechnik.ch\/web\/wp-content\/uploads\/2021\/06\/DS_2021_Zahntechniker_Baenziger_SW-5720.jpg\" title=\"\" data-rl_title=\"\" class=\"rl-gallery-link\" data-rl_caption=\"\" data-rel=\"lightbox-gallery-1\"><img loading=\"lazy\" decoding=\"async\" src=\"https:\/\/www.baenzigerzahntechnik.ch\/web\/wp-content\/uploads\/2021\/06\/DS_2021_Zahntechniker_Baenziger_SW-5720-300x200.jpg\" width=\"300\" height=\"200\" alt=\"\"\/><\/a> <\/div> <\/div> <div class=\"rl-gallery-item\" > <div class=\"rl-gallery-item-content\"> <a href=\"https:\/\/www.baenzigerzahntechnik.ch\/web\/wp-content\/uploads\/2021\/06\/DS_2021_Zahntechniker_Baenziger_SW-6103.jpg\" title=\"\" data-rl_title=\"\" class=\"rl-gallery-link\" data-rl_caption=\"\" data-rel=\"lightbox-gallery-1\"><img loading=\"lazy\" decoding=\"async\" src=\"https:\/\/www.baenzigerzahntechnik.ch\/web\/wp-content\/uploads\/2021\/06\/DS_2021_Zahntechniker_Baenziger_SW-6103-300x200.jpg\" width=\"300\" height=\"200\" alt=\"\"\/><\/a> <\/div> <\/div> <div class=\"rl-gallery-item\" > <div class=\"rl-gallery-item-content\"> <a href=\"https:\/\/www.baenzigerzahntechnik.ch\/web\/wp-content\/uploads\/2021\/06\/DS_2021_Zahntechniker_Baenziger_SW-5453.jpg\" title=\"\" data-rl_title=\"\" class=\"rl-gallery-link\" data-rl_caption=\"\" data-rel=\"lightbox-gallery-1\"><img loading=\"lazy\" decoding=\"async\" src=\"https:\/\/www.baenzigerzahntechnik.ch\/web\/wp-content\/uploads\/2021\/06\/DS_2021_Zahntechniker_Baenziger_SW-5453-300x200.jpg\" width=\"300\" height=\"200\" alt=\"\"\/><\/a> <\/div> <\/div> <div class=\"rl-gallery-item\" > <div class=\"rl-gallery-item-content\"> <a href=\"https:\/\/www.baenzigerzahntechnik.ch\/web\/wp-content\/uploads\/2021\/06\/DS_2021_Zahntechniker_Baenziger_SW-5256.jpg\" title=\"\" data-rl_title=\"\" class=\"rl-gallery-link\" data-rl_caption=\"\" data-rel=\"lightbox-gallery-1\"><img loading=\"lazy\" decoding=\"async\" src=\"https:\/\/www.baenzigerzahntechnik.ch\/web\/wp-content\/uploads\/2021\/06\/DS_2021_Zahntechniker_Baenziger_SW-5256-300x200.jpg\" width=\"300\" height=\"200\" alt=\"\"\/><\/a> <\/div> <\/div> <div class=\"rl-gallery-item\" > <div class=\"rl-gallery-item-content\"> <a href=\"https:\/\/www.baenzigerzahntechnik.ch\/web\/wp-content\/uploads\/2021\/06\/DS_2021_Zahntechniker_Baenziger_SW-6322.jpg\" title=\"\" data-rl_title=\"\" class=\"rl-gallery-link\" data-rl_caption=\"\" data-rel=\"lightbox-gallery-1\"><img loading=\"lazy\" decoding=\"async\" src=\"https:\/\/www.baenzigerzahntechnik.ch\/web\/wp-content\/uploads\/2021\/06\/DS_2021_Zahntechniker_Baenziger_SW-6322-300x200.jpg\" width=\"300\" height=\"200\" alt=\"\"\/><\/a> <\/div> <\/div> <div class=\"rl-gallery-item\" > <div class=\"rl-gallery-item-content\"> <a href=\"https:\/\/www.baenzigerzahntechnik.ch\/web\/wp-content\/uploads\/2021\/06\/DS_2021_Zahntechniker_Baenziger_SW-5268.jpg\" title=\"\" data-rl_title=\"\" class=\"rl-gallery-link\" data-rl_caption=\"\" data-rel=\"lightbox-gallery-1\"><img loading=\"lazy\" decoding=\"async\" src=\"https:\/\/www.baenzigerzahntechnik.ch\/web\/wp-content\/uploads\/2021\/06\/DS_2021_Zahntechniker_Baenziger_SW-5268-300x200.jpg\" width=\"300\" height=\"200\" alt=\"\"\/><\/a> <\/div> <\/div> <div class=\"rl-gallery-item\" > <div class=\"rl-gallery-item-content\"> <a href=\"https:\/\/www.baenzigerzahntechnik.ch\/web\/wp-content\/uploads\/2021\/06\/DS_2021_Zahntechniker_Baenziger_SW-5459.jpg\" title=\"\" data-rl_title=\"\" class=\"rl-gallery-link\" data-rl_caption=\"\" data-rel=\"lightbox-gallery-1\"><img loading=\"lazy\" decoding=\"async\" src=\"https:\/\/www.baenzigerzahntechnik.ch\/web\/wp-content\/uploads\/2021\/06\/DS_2021_Zahntechniker_Baenziger_SW-5459-300x200.jpg\" width=\"300\" height=\"200\" alt=\"\"\/><\/a> <\/div> <\/div> <\/div> <\/div><\/p>\n","protected":false},"excerpt":{"rendered":"<p>Zentral erreichbar und modern ausger\u00fcstet. Unser Labor steht f\u00fcr manuelle Pr\u00e4zision mit Unterst\u00fctzung modernster Technologie. Bei unserer Arbeit nutzen wir weitgehend Werkstoff aus der Schweiz und dem EU-Raum. Wir arbeiten aussschliesslich mit verl\u00e4sslichen Partner. Nur so k\u00f6nnen wir den von uns angestrebten Qualit\u00e4tsstandard sicherstellen und unsere Kunden mit guten Gewissen bedienen. Als Resultat k\u00f6nnen Sie [&hellip;]<\/p>\n","protected":false},"author":1,"featured_media":130,"parent":0,"menu_order":30,"comment_status":"closed","ping_status":"closed","template":"","meta":{"_acf_changed":false,"footnotes":""},"class_list":["post-19","page","type-page","status-publish","has-post-thumbnail","hentry"],"acf":[],"_links":{"self":[{"href":"https:\/\/www.baenzigerzahntechnik.ch\/web\/wp-json\/wp\/v2\/pages\/19","targetHints":{"allow":["GET"]}}],"collection":[{"href":"https:\/\/www.baenzigerzahntechnik.ch\/web\/wp-json\/wp\/v2\/pages"}],"about":[{"href":"https:\/\/www.baenzigerzahntechnik.ch\/web\/wp-json\/wp\/v2\/types\/page"}],"author":[{"embeddable":true,"href":"https:\/\/www.baenzigerzahntechnik.ch\/web\/wp-json\/wp\/v2\/users\/1"}],"replies":[{"embeddable":true,"href":"https:\/\/www.baenzigerzahntechnik.ch\/web\/wp-json\/wp\/v2\/comments?post=19"}],"version-history":[{"count":9,"href":"https:\/\/www.baenzigerzahntechnik.ch\/web\/wp-json\/wp\/v2\/pages\/19\/revisions"}],"predecessor-version":[{"id":157,"href":"https:\/\/www.baenzigerzahntechnik.ch\/web\/wp-json\/wp\/v2\/pages\/19\/revisions\/157"}],"wp:featuredmedia":[{"embeddable":true,"href":"https:\/\/www.baenzigerzahntechnik.ch\/web\/wp-json\/wp\/v2\/media\/130"}],"wp:attachment":[{"href":"https:\/\/www.baenzigerzahntechnik.ch\/web\/wp-json\/wp\/v2\/media?parent=19"}],"curies":[{"name":"wp","href":"https:\/\/api.w.org\/{rel}","templated":true}]}}