{"id":12,"date":"2021-03-05T12:17:02","date_gmt":"2021-03-05T11:17:02","guid":{"rendered":"https:\/\/www.baenzigerzahntechnik.ch\/web\/?page_id=12"},"modified":"2021-08-17T16:43:26","modified_gmt":"2021-08-17T14:43:26","slug":"dienstleistungen","status":"publish","type":"page","link":"https:\/\/www.baenzigerzahntechnik.ch\/web\/dienstleistungen\/","title":{"rendered":"Dienstleistungen"},"content":{"rendered":"<h2>Innovation, Exaktheit, Verl\u00e4sslichkeit und Betreuung im Herzen von St.Gallen<\/h2>\n<h3>Zahntechnik B\u00e4nziger steht f\u00fcr Pr\u00e4zision, \u00c4sthetik, Service, Individualit\u00e4t und Faszination am Menschen. Wir sind ein innovatives, modernes Team mit topaktueller Infrastruktur f\u00fcr alle Dienstleistungen im Bereich Zahntechnik.<\/h3>\n<div class=\"card-deck\">\n<div class=\"card\">\n<div class=\"card-body\">\n<h3>CAD \/ CAM<\/h3>\n<ul style=\"list-style-type: square; list-style-position: outside; margin-left:16px;\">\n<li>Wir verwenden einen Scanner welcher mit einer Exocad Software betrieben wird. Je nach Arbeit haben wir verschiedene Partner f\u00fcr die Fr\u00e4s- respektive Printarbeiten.<\/li>\n<li>Datens\u00e4tze k\u00f6nnen \u00fcber Sirona Connect \u00fcbermittelt werden oder Sie laden die STL Daten via WeTransfer hoch<\/li>\n<li>Die neuen Technologien geben uns mit verschiedenen Materialien und Techniken wunderbare neue M\u00f6glichkeiten.<\/li>\n<\/ul><\/div>\n<\/p><\/div>\n<div class=\"card\">\n<div class=\"card-body\">\n<h3>Abnehmbare Prothetik<\/h3>\n<ul style=\"list-style-type: square; list-style-position: outside; margin-left:16px;\">\n<li>Totalprothetik<\/li>\n<li>Teilprothetik<\/li>\n<li>Hybridprothetik auf versch. Verankerungen wie Locator, Steg, Kugelanker etc.<\/li>\n<li>Modellgussprothetik<\/li>\n<li>Valplast Prothesen<\/li>\n<\/ul><\/div>\n<\/p><\/div>\n<div class=\"card\">\n<div class=\"card-body\">\n<h3>Festsitzende Prothetik<\/h3>\n<ul style=\"list-style-type: square; list-style-position: outside; margin-left:16px;\">\n<li>Metallfreie Restaurationen in Lithium Disilikat, Glaskeramik, Zirkon und Komposit<\/li>\n<li>Klebebr\u00fccken<\/li>\n<li>Inlay, Onlay<\/li>\n<li>Veneer\u2019s<\/li>\n<li>VMK \u2013 Restaurationen, Kronen und Br\u00fccken<\/li>\n<li>Goldtechnik<\/li>\n<\/ul><\/div>\n<\/p><\/div>\n<\/p><\/div>\n<\/p><\/div>\n<\/p><\/div>\n<hr>\n<div class=\"card-deck\">\n<div class=\"card\">\n<div class=\"card-body\">\n<h3>Implantologie<\/h3>\n<ul style=\"list-style-type: square; list-style-position: outside; margin-left:16px;\">\n<li>VMK \u2013 Restaurationen, Kronen und Br\u00fccken<\/li>\n<li>Metallfreie Restaurationen in Lithium Disilikat, Glaskeramik und Zirkon<\/li>\n<li>Individuelle Abutments<\/li>\n<li>Vollkeramikkronen verschraubt  (Abutment verklebt)<\/li>\n<li>Hybridprothetik auf Steg, Locator etc.<\/li>\n<li>Versiert auf diversen Systemen wie Straumann, Nobel Biocare, 3i, Camlog, Thommen etc.<\/li>\n<li>Operationsschienen<\/li>\n<li>Bohrschablonen<\/li>\n<li>R\u00f6ntgenschienen<\/li>\n<\/ul><\/div>\n<\/p><\/div>\n<div class=\"card\">\n<div class=\"card-body\">\n<h3>Schienen<\/h3>\n<ul style=\"list-style-type: square; list-style-position: outside; margin-left:16px;\">\n<li>Knirschschienen<br \/>(hart \/ weich \/ kombiniert)<\/li>\n<li>Michiganschienen <br \/> (hart \/ weich \/ kombiniert)<\/li>\n<li>Lerchschienen<br \/> (hart \/ weich \/ kombiniert)<\/li>\n<li>Aufbissschienen<br \/> (hart \/ weich \/ kombiniert)<\/li>\n<li>Bleachingschienen<\/li>\n<li>Sportschutz<\/li>\n<li>NTI \u2013 Schienen<\/li>\n<li>Schnarchschienen<\/li>\n<\/ul><\/div>\n<\/p><\/div>\n<div class=\"card\">\n<div class=\"card-body\">\n<h3>Farbabstimmung \/ Planung<\/h3>\n<ul style=\"list-style-type: square; list-style-position: outside; margin-left:16px;\">\n<li>Farbwahl im Labor oder in der Praxis<\/li>\n<li>Planungsberatungen mit dem Zahnarzt in der Praxis<\/li>\n<li>Einproben mit Techniker in der Praxis<\/li>\n<\/ul><\/div>\n<\/p><\/div>\n<\/div>\n<hr class=\"bae\">\n<div class=\"card-deck\" style=\"color:#000\">\n<div class=\"card\">\n<div class=\"card-body\">\n<h3>Reparaturen<\/h3>\n<ul style=\"list-style-type: square; list-style-position: outside; margin-left:16px;\">\n<li><em><\/em>Prothetische Reparaturen aller Art<\/li>\n<\/ul><\/div>\n<\/div>\n<\/div>\n<p><HR><br \/>\n<div class=\"rl-gallery-container rl-loading\" id=\"rl-gallery-container-1\" data-gallery_id=\"149\"> <div class=\"rl-gallery rl-basicmasonry-gallery \" id=\"rl-gallery-1\" data-gallery_no=\"1\"> <div class=\"rl-gutter-sizer\"><\/div><div class=\"rl-grid-sizer\"><\/div> <div class=\"rl-gallery-item rl-gallery-item-width-4\" > <div class=\"rl-gallery-item-content\"> <a href=\"https:\/\/www.baenzigerzahntechnik.ch\/web\/wp-content\/uploads\/2021\/06\/DS_2021_Zahntechniker_Baenziger_SW-5919.jpg\" title=\"\" data-rl_title=\"\" class=\"rl-gallery-link\" data-rl_caption=\"\" data-rel=\"lightbox-gallery-1\"><img loading=\"lazy\" decoding=\"async\" src=\"https:\/\/www.baenzigerzahntechnik.ch\/web\/wp-content\/uploads\/2021\/06\/DS_2021_Zahntechniker_Baenziger_SW-5919.jpg\" width=\"2048\" height=\"1365\" alt=\"\"\/><\/a> <\/div> <\/div> <div class=\"rl-gallery-item\" > <div class=\"rl-gallery-item-content\"> <a href=\"https:\/\/www.baenzigerzahntechnik.ch\/web\/wp-content\/uploads\/2021\/06\/DS_2021_Zahntechniker_Baenziger_SW-5720.jpg\" title=\"\" data-rl_title=\"\" class=\"rl-gallery-link\" data-rl_caption=\"\" data-rel=\"lightbox-gallery-1\"><img loading=\"lazy\" decoding=\"async\" src=\"https:\/\/www.baenzigerzahntechnik.ch\/web\/wp-content\/uploads\/2021\/06\/DS_2021_Zahntechniker_Baenziger_SW-5720.jpg\" width=\"2048\" height=\"1365\" alt=\"\"\/><\/a> <\/div> <\/div> <div class=\"rl-gallery-item\" > <div class=\"rl-gallery-item-content\"> <a href=\"https:\/\/www.baenzigerzahntechnik.ch\/web\/wp-content\/uploads\/2021\/06\/DS_2021_Zahntechniker_Baenziger_SW-5453.jpg\" title=\"\" data-rl_title=\"\" class=\"rl-gallery-link\" data-rl_caption=\"\" data-rel=\"lightbox-gallery-1\"><img loading=\"lazy\" decoding=\"async\" src=\"https:\/\/www.baenzigerzahntechnik.ch\/web\/wp-content\/uploads\/2021\/06\/DS_2021_Zahntechniker_Baenziger_SW-5453.jpg\" width=\"2048\" height=\"1365\" alt=\"\"\/><\/a> <\/div> <\/div> <\/div> <\/div><\/p>\n","protected":false},"excerpt":{"rendered":"<p>Innovation, Exaktheit, Verl\u00e4sslichkeit und Betreuung im Herzen von St.Gallen Zahntechnik B\u00e4nziger steht f\u00fcr Pr\u00e4zision, \u00c4sthetik, Service, Individualit\u00e4t und Faszination am Menschen. Wir sind ein innovatives, modernes Team mit topaktueller Infrastruktur f\u00fcr alle Dienstleistungen im Bereich Zahntechnik. CAD \/ CAM Wir verwenden einen Scanner welcher mit einer Exocad Software betrieben wird. Je nach Arbeit haben wir [&hellip;]<\/p>\n","protected":false},"author":1,"featured_media":114,"parent":0,"menu_order":20,"comment_status":"closed","ping_status":"closed","template":"","meta":{"_acf_changed":false,"footnotes":""},"class_list":["post-12","page","type-page","status-publish","has-post-thumbnail","hentry"],"acf":[],"_links":{"self":[{"href":"https:\/\/www.baenzigerzahntechnik.ch\/web\/wp-json\/wp\/v2\/pages\/12","targetHints":{"allow":["GET"]}}],"collection":[{"href":"https:\/\/www.baenzigerzahntechnik.ch\/web\/wp-json\/wp\/v2\/pages"}],"about":[{"href":"https:\/\/www.baenzigerzahntechnik.ch\/web\/wp-json\/wp\/v2\/types\/page"}],"author":[{"embeddable":true,"href":"https:\/\/www.baenzigerzahntechnik.ch\/web\/wp-json\/wp\/v2\/users\/1"}],"replies":[{"embeddable":true,"href":"https:\/\/www.baenzigerzahntechnik.ch\/web\/wp-json\/wp\/v2\/comments?post=12"}],"version-history":[{"count":28,"href":"https:\/\/www.baenzigerzahntechnik.ch\/web\/wp-json\/wp\/v2\/pages\/12\/revisions"}],"predecessor-version":[{"id":187,"href":"https:\/\/www.baenzigerzahntechnik.ch\/web\/wp-json\/wp\/v2\/pages\/12\/revisions\/187"}],"wp:featuredmedia":[{"embeddable":true,"href":"https:\/\/www.baenzigerzahntechnik.ch\/web\/wp-json\/wp\/v2\/media\/114"}],"wp:attachment":[{"href":"https:\/\/www.baenzigerzahntechnik.ch\/web\/wp-json\/wp\/v2\/media?parent=12"}],"curies":[{"name":"wp","href":"https:\/\/api.w.org\/{rel}","templated":true}]}}